{"id":781,"date":"2021-03-05T10:38:43","date_gmt":"2021-03-05T09:38:43","guid":{"rendered":"https:\/\/freiburg.healthforfuture.de\/?page_id=781"},"modified":"2021-05-19T10:30:03","modified_gmt":"2021-05-19T08:30:03","slug":"wer-sind-wir","status":"publish","type":"page","link":"https:\/\/freiburg.healthforfuture.de\/?page_id=781","title":{"rendered":"Wer sind wir?"},"content":{"rendered":"\n<p>Wir sind Menschen, denen unsere individuelle und kollektive Gesundheit und damit die unserer Erde am Herzen liegt. Viele von uns sind Angeh\u00f6rige des Gesundheitsbereichs (Studierende, Auszubildende, Pfleger*innen, \u00c4rzt*innen, Physiotherapeut*innen, Lehrende etc.); aber keineswegs alle. Bei uns ist jede*r willkommen &#8211; uns vereint die Sorge um die Gesundheit aller. Wir wollen Ver\u00e4nderung herbeif\u00fchren und sind davon \u00fcberzeugt, dass wir gemeinsam den n\u00f6tigen Wandel herbeif\u00fchren k\u00f6nnen.<\/p>\n\n\n\n<h2>Warum gibt es uns?<\/h2>\n\n\n\n<p>Die Klimakrise ist die gr\u00f6\u00dfte Bedrohung unserer Gesundheit im 21. Jahrhundert und sie zu bek\u00e4mpfen unsere dringendste Aufgabe.<\/p>\n\n\n\n<p>Die gesundheitlichen Folgen der Klimakrise treffen meist diejenigen auf der Welt, die am wenigsten dazu beitragen: Menschen im globalen S\u00fcden. Auch auf lokaler Ebene sind wir unterschiedlich gut gewappnet, so k\u00f6nnen sich zum Beispiel Menschen, die im Freien arbeiten schlechter vor Hitze sch\u00fctzen, als Menschen in klimatisierten B\u00fcror\u00e4umen. Das Vorbeugen von Ausbreitung von Infektionskrankheiten ist nur m\u00f6glich, wenn genug Raum zur Verf\u00fcgung steht.<\/p>\n\n\n\n<p>Erschwerend kommt hinzu, dass der Zugang zu medizinischer Versorgung ungleich verteilt ist.&nbsp;<\/p>\n\n\n\n<p>Deswegen ist Klimagerechtigkeit &#8211; lokal sowie global &#8211; eine unserer zentralen Forderungen.&nbsp;<\/p>\n\n\n\n<p>Als zuk\u00fcnftige im Gesundheitswesen T\u00e4tige und\/oder Patient*innen sehen wir uns in der Verantwortung, jetzt Pr\u00e4vention zu betreiben und die heute schon sp\u00fcrbaren Folgen der Klimakrise abzumildern. Wir m\u00fcssen die L\u00fccke zwischen vorhandenem Wissen und der fehlenden Umsetzung des Wissens ins Handeln schlie\u00dfen.<\/p>\n\n\n\n<p>Dabei wissen wir, dass wir momentan Teil des Problems sind: 5% der globalen Emissionen gehen auf die Kappe des Gesundheitssystems! Es ist h\u00f6chste Zeit, dass wir Teil der L\u00f6sung werden!<\/p>\n\n\n\n<h2>Was machen wir?<\/h2>\n\n\n\n<p>Um Teil der L\u00f6sung zu sein, kl\u00e4ren wir faktenbasiert \u00fcber Zusammenh\u00e4nge der Klimakrise, weiterer Umweltprobleme (z.B. der Verlust von Artenvielfalt) und Gesundheit auf. Dabei beachten wir sowohl Folgen, die jetzt schon eingetreten sind, als auch pr\u00e4ventive Ma\u00dfnahmen, um uns und unseren Planeten zu sch\u00fctzen.<\/p>\n\n\n\n<p>So wirkt sich zum Beispiel Luftverschmutzung stark auf unsere Atemwege aus, sodass mehr Menschen unter Allergien und Asthma leiden. <\/p>\n\n\n\n<p>Als Pr\u00e4vention sehen wir die sogenannten \u201cCo-Benefits\u201d: So k\u00f6nnen wir aktiv zu weniger Luftverschmutzung beitragen, wenn wir Fahrrad statt Auto fahren. Und dabei tun wir gleichzeitig unserem Herz-Kreislaufsystem, sowie unseren Atemwegen, etwas Gutes.<\/p>\n\n\n\n<p>Diese Aufkl\u00e4rung erreichen wir durch Vortr\u00e4ge (z.B. im Rahmen von Hochschul-Tagen zur Nachhaltigkeit), aber auch durch aktives Einbringen dieser Themen in die Lehre von v.a. Gesundheitsberufen. Besonders in Zeiten der Digitalisierung auch \u00fcber Soziale Medien wie unsere Website oder Instagram. Hier\u00fcber erzeugen wir Aufmerksamkeit f\u00fcr das Thema genauso wie durch Demonstrationen und Redebeitr\u00e4gen auf diesen.<\/p>\n\n\n\n<p>Au\u00dferdem wollen wir auch direkten Einfluss auf Ver\u00e4nderungen nehmen, nicht nur, aber auch, um den Gesundheitssektor als solches nachhaltiger zu gestalten. Hierf\u00fcr sprechen wir mit Politiker*innen und mit Berufst\u00e4tigen im Gesundheitsbereich, um ihnen nachhaltige, wissenschaftlich fundierte L\u00f6sungen vorzuschlagen.<\/p>\n\n\n\n<p>Um all dies umsetzen zu k\u00f6nnen, bilden wir uns auch intern kontinuierlich fort. So werden von Health for Future deutschlandweite Skillslabs, eine Vorlesungsreihe und Workshops angeboten. Auf diese Weise unterst\u00fctzen wir uns gegenseitig, im Alltag, sowie im (zuk\u00fcnftigen) Beruf, Teil der L\u00f6sung zu sein &#8211; f\u00fcr einen gesunden Planeten mit gesunden Menschen!<\/p>\n","protected":false},"excerpt":{"rendered":"<p>Wir sind Menschen, denen unsere individuelle und kollektive Gesundheit und damit die unserer Erde am Herzen liegt. Viele von uns sind Angeh\u00f6rige des Gesundheitsbereichs (Studierende, Auszubildende, Pfleger*innen, \u00c4rzt*innen, Physiotherapeut*innen, Lehrende etc.); aber keineswegs alle. Bei uns ist jede*r willkommen &#8211; uns vereint die Sorge um die Gesundheit aller. Wir wollen Ver\u00e4nderung herbeif\u00fchren und sind davon [&hellip;]<\/p>\n","protected":false},"author":1,"featured_media":0,"parent":0,"menu_order":0,"comment_status":"closed","ping_status":"closed","template":"werwirsind.php","meta":[],"_links":{"self":[{"href":"https:\/\/freiburg.healthforfuture.de\/index.php?rest_route=\/wp\/v2\/pages\/781"}],"collection":[{"href":"https:\/\/freiburg.healthforfuture.de\/index.php?rest_route=\/wp\/v2\/pages"}],"about":[{"href":"https:\/\/freiburg.healthforfuture.de\/index.php?rest_route=\/wp\/v2\/types\/page"}],"author":[{"embeddable":true,"href":"https:\/\/freiburg.healthforfuture.de\/index.php?rest_route=\/wp\/v2\/users\/1"}],"replies":[{"embeddable":true,"href":"https:\/\/freiburg.healthforfuture.de\/index.php?rest_route=%2Fwp%2Fv2%2Fcomments&post=781"}],"version-history":[{"count":2,"href":"https:\/\/freiburg.healthforfuture.de\/index.php?rest_route=\/wp\/v2\/pages\/781\/revisions"}],"predecessor-version":[{"id":812,"href":"https:\/\/freiburg.healthforfuture.de\/index.php?rest_route=\/wp\/v2\/pages\/781\/revisions\/812"}],"wp:attachment":[{"href":"https:\/\/freiburg.healthforfuture.de\/index.php?rest_route=%2Fwp%2Fv2%2Fmedia&parent=781"}],"curies":[{"name":"wp","href":"https:\/\/api.w.org\/{rel}","templated":true}]}}