{"id":754,"date":"2021-03-03T10:16:10","date_gmt":"2021-03-03T09:16:10","guid":{"rendered":"https:\/\/freiburg.healthforfuture.de\/?page_id=754"},"modified":"2021-03-04T19:48:13","modified_gmt":"2021-03-04T18:48:13","slug":"presse","status":"publish","type":"page","link":"https:\/\/freiburg.healthforfuture.de\/?page_id=754","title":{"rendered":"Presse &#038; Medien"},"content":{"rendered":"\n<h2><strong>fudder.de<\/strong><\/h2>\n\n\n<div class=\"vlp-link-container vlp-template-default wp-block-visual-link-preview-link\">\n\t<a href=\"https:\/\/fudder.de\/wie-health-for-future-den-gesundheitsbereich-umweltfreundlicher-gestalten-will\" class=\"vlp-link\" title=\"Wie \u201cHealth for Future\u201d den Gesundheitsbereich umweltfreundlicher gestalten will - Freiburg - fudder.de\" rel=\"nofollow\" target=\"_blank\"><\/a>\t\t<div class=\"vlp-link-image-container\">\n\t\t<div class=\"vlp-link-image\">\n\t\t\t<img src=\"https:\/\/ais.fudder.de\/piece\/0b\/f1\/03\/94\/200344468.jpg\" style=\"max-width: 150px; max-height: 150px\" \/>\t\t<\/div>\n\t<\/div>\n\t\t<div class=\"vlp-link-text-container\">\n\t\t\t\t<div class=\"vlp-link-title\">\n\t\t\tWie \u201cHealth for Future\u201d den Gesundheitsbereich umweltfreundlicher gestalten will &#8211; Freiburg &#8211; fudder.de\t\t<\/div>\n\t\t\t\t\t\t<div class=\"vlp-link-summary\">\n\t\t\tWas hat Klimaschutz mit \u00c4rzten und Pflegepersonal zu tun? Eine ganze Menge! In Freiburg engagieren sich um die 50 Menschen f\u00fcr \u201cHealth for Future\u201d. Wir sprechen mit Johanna Andris und Alex Popp \u00fcber \u201cHealth For Future\u201d und wie die Corona-Pandemie ihre Arbeit ver\u00e4ndert hat.\t\t<\/div>\n\t\t\t<\/div>\n<\/div>\n\n\n\n<h2><strong>Badische Zeitung<\/strong><\/h2>\n\n\n<div class=\"vlp-link-container vlp-template-default wp-block-visual-link-preview-link\">\n\t<a href=\"https:\/\/www.badische-zeitung.de\/gesundheit-und-klima-haengen-eng-zusammen--186351537.html\" class=\"vlp-link\" title=\"Freiburg: \u201cGesundheit und Klima h\u00e4ngen eng zusammen\u201d\" rel=\"nofollow\" target=\"_blank\"><\/a>\t\t<div class=\"vlp-link-image-container\">\n\t\t<div class=\"vlp-link-image\">\n\t\t\t<img src=\"https:\/\/ais.badische-zeitung.de\/piece\/0b\/1b\/7f\/ac\/186351532.jpg\" style=\"max-width: 150px; max-height: 150px\" \/>\t\t<\/div>\n\t<\/div>\n\t\t<div class=\"vlp-link-text-container\">\n\t\t\t\t<div class=\"vlp-link-title\">\n\t\t\tFreiburg: \u201cGesundheit und Klima h\u00e4ngen eng zusammen\u201d\t\t<\/div>\n\t\t\t\t\t\t<div class=\"vlp-link-summary\">\n\t\t\tDREI FRAGEN AN Carolin Ehrlich von der Gruppe \u201cHealth for Future\u201d, die die Hochschultage der Nachhaltigkeit mitorganisiert hat.\t\t<\/div>\n\t\t\t<\/div>\n<\/div>\n\n\n\n<h2><strong>StadtWandler<\/strong><\/h2>\n\n\n<div class=\"vlp-link-container vlp-template-default wp-block-visual-link-preview-link\">\n\t<a href=\"https:\/\/www.stadtwandler.org\/de\/organisations\/health-future-freiburg\" class=\"vlp-link\" title=\"Health for Future Freiburg | StadtWandler Freiburg\" rel=\"nofollow\" target=\"_blank\"><\/a>\t\t<div class=\"vlp-link-image-container\">\n\t\t<div class=\"vlp-link-image\">\n\t\t\t<img src=\"https:\/\/www.stadtwandler.org\/sites\/default\/files\/styles\/h4c_metatag_og\/public\/2020-04\/H4F_FR_1000px.png?itok=On7_sshT\" style=\"max-width: 150px; max-height: 150px\" \/>\t\t<\/div>\n\t<\/div>\n\t\t<div class=\"vlp-link-text-container\">\n\t\t\t\t<div class=\"vlp-link-title\">\n\t\t\tHealth for Future Freiburg | StadtWandler Freiburg\t\t<\/div>\n\t\t\t\t\t\t<div class=\"vlp-link-summary\">\n\t\t\tHealth for Future ist ein Aktionsforum f\u00fcr die Angeh\u00f6rigen des Gesundheitssektors, die sich gemeinsam f\u00fcr ein intaktes Klima und \u00d6kosystem einsetzen m\u00f6chten.\t\t<\/div>\n\t\t\t<\/div>\n<\/div>\n","protected":false},"excerpt":{"rendered":"<p>fudder.de Badische Zeitung StadtWandler<\/p>\n","protected":false},"author":1,"featured_media":0,"parent":0,"menu_order":0,"comment_status":"closed","ping_status":"closed","template":"presse.php","meta":[],"_links":{"self":[{"href":"https:\/\/freiburg.healthforfuture.de\/index.php?rest_route=\/wp\/v2\/pages\/754"}],"collection":[{"href":"https:\/\/freiburg.healthforfuture.de\/index.php?rest_route=\/wp\/v2\/pages"}],"about":[{"href":"https:\/\/freiburg.healthforfuture.de\/index.php?rest_route=\/wp\/v2\/types\/page"}],"author":[{"embeddable":true,"href":"https:\/\/freiburg.healthforfuture.de\/index.php?rest_route=\/wp\/v2\/users\/1"}],"replies":[{"embeddable":true,"href":"https:\/\/freiburg.healthforfuture.de\/index.php?rest_route=%2Fwp%2Fv2%2Fcomments&post=754"}],"version-history":[{"count":3,"href":"https:\/\/freiburg.healthforfuture.de\/index.php?rest_route=\/wp\/v2\/pages\/754\/revisions"}],"predecessor-version":[{"id":764,"href":"https:\/\/freiburg.healthforfuture.de\/index.php?rest_route=\/wp\/v2\/pages\/754\/revisions\/764"}],"wp:attachment":[{"href":"https:\/\/freiburg.healthforfuture.de\/index.php?rest_route=%2Fwp%2Fv2%2Fmedia&parent=754"}],"curies":[{"name":"wp","href":"https:\/\/api.w.org\/{rel}","templated":true}]}}