{"id":698,"date":"2020-11-30T17:08:53","date_gmt":"2020-11-30T16:08:53","guid":{"rendered":"https:\/\/freiburg.healthforfuture.de\/?page_id=698"},"modified":"2021-03-04T19:47:47","modified_gmt":"2021-03-04T18:47:47","slug":"material-zum-download","status":"publish","type":"page","link":"https:\/\/freiburg.healthforfuture.de\/?page_id=698","title":{"rendered":"Material zum Download"},"content":{"rendered":"\n<div class=\"wp-block-file\"><a href=\"https:\/\/freiburg.healthforfuture.de\/wp-content\/uploads\/2020\/11\/Einstieg-und-U\u0308berblick-Health-for-Future-Freiburg.pdf\">Health for Future Freiburg &#8211; Einstieg und \u00dcberblick<\/a><a href=\"https:\/\/freiburg.healthforfuture.de\/wp-content\/uploads\/2020\/11\/Einstieg-und-U\u0308berblick-Health-for-Future-Freiburg.pdf\" class=\"wp-block-file__button\" download>Herunterladen<\/a><\/div>\n\n\n\n<div class=\"wp-block-file\"><a href=\"https:\/\/freiburg.healthforfuture.de\/wp-content\/uploads\/2020\/11\/Factsheet-Ernaehrung.pdf\">Factsheet Ern\u00e4hrung<\/a><a href=\"https:\/\/freiburg.healthforfuture.de\/wp-content\/uploads\/2020\/11\/Factsheet-Ernaehrung.pdf\" class=\"wp-block-file__button\" download>Herunterladen<\/a><\/div>\n\n\n\n<p><strong>F\u00fcr Praxen:<\/strong><\/p>\n\n\n\n<div class=\"wp-block-file\"><a href=\"https:\/\/freiburg.healthforfuture.de\/wp-content\/uploads\/2020\/11\/Arztpraxis_Flyer-DIN-A6.pdf\">Flyer Arztpraxis<\/a><a href=\"https:\/\/freiburg.healthforfuture.de\/wp-content\/uploads\/2020\/11\/Arztpraxis_Flyer-DIN-A6.pdf\" class=\"wp-block-file__button\" download>Herunterladen<\/a><\/div>\n\n\n\n<div class=\"wp-block-file\"><a href=\"https:\/\/freiburg.healthforfuture.de\/wp-content\/uploads\/2020\/11\/20200424-Praxisposter-KLUG.pdf\">Poster<\/a><a href=\"https:\/\/freiburg.healthforfuture.de\/wp-content\/uploads\/2020\/11\/20200424-Praxisposter-KLUG.pdf\" class=\"wp-block-file__button\" download>Herunterladen<\/a><\/div>\n\n\n\n<div class=\"wp-block-file\"><a href=\"https:\/\/freiburg.healthforfuture.de\/wp-content\/uploads\/2020\/11\/Factsheet-AerztInnen.pdf\">Factsheet f\u00fcr \u00c4rztinnen und \u00c4rzte<\/a><a href=\"https:\/\/freiburg.healthforfuture.de\/wp-content\/uploads\/2020\/11\/Factsheet-AerztInnen.pdf\" class=\"wp-block-file__button\" download>Herunterladen<\/a><\/div>\n\n\n\n<div class=\"wp-block-file\"><a href=\"https:\/\/freiburg.healthforfuture.de\/wp-content\/uploads\/2020\/11\/Berlin-H4F-Ulrike-Flach-PraxisNachhaltigkeit-Konzept-Feb2020.pdf\">Nachhaltigkeitsstrategien f\u00fcr Praxen<\/a><a href=\"https:\/\/freiburg.healthforfuture.de\/wp-content\/uploads\/2020\/11\/Berlin-H4F-Ulrike-Flach-PraxisNachhaltigkeit-Konzept-Feb2020.pdf\" class=\"wp-block-file__button\" download>Herunterladen<\/a><\/div>\n\n\n\n<div class=\"wp-block-file\"><a href=\"https:\/\/freiburg.healthforfuture.de\/wp-content\/uploads\/2020\/11\/Vorlage_Individuelles_Patientenanschreiben.pdf\">Individuelles Patientenanschreiben Vorlage<\/a><a href=\"https:\/\/freiburg.healthforfuture.de\/wp-content\/uploads\/2020\/11\/Vorlage_Individuelles_Patientenanschreiben.pdf\" class=\"wp-block-file__button\" download>Herunterladen<\/a><\/div>\n","protected":false},"excerpt":{"rendered":"<p>F\u00fcr Praxen:<\/p>\n","protected":false},"author":1,"featured_media":0,"parent":0,"menu_order":0,"comment_status":"closed","ping_status":"closed","template":"material.php","meta":[],"_links":{"self":[{"href":"https:\/\/freiburg.healthforfuture.de\/index.php?rest_route=\/wp\/v2\/pages\/698"}],"collection":[{"href":"https:\/\/freiburg.healthforfuture.de\/index.php?rest_route=\/wp\/v2\/pages"}],"about":[{"href":"https:\/\/freiburg.healthforfuture.de\/index.php?rest_route=\/wp\/v2\/types\/page"}],"author":[{"embeddable":true,"href":"https:\/\/freiburg.healthforfuture.de\/index.php?rest_route=\/wp\/v2\/users\/1"}],"replies":[{"embeddable":true,"href":"https:\/\/freiburg.healthforfuture.de\/index.php?rest_route=%2Fwp%2Fv2%2Fcomments&post=698"}],"version-history":[{"count":1,"href":"https:\/\/freiburg.healthforfuture.de\/index.php?rest_route=\/wp\/v2\/pages\/698\/revisions"}],"predecessor-version":[{"id":706,"href":"https:\/\/freiburg.healthforfuture.de\/index.php?rest_route=\/wp\/v2\/pages\/698\/revisions\/706"}],"wp:attachment":[{"href":"https:\/\/freiburg.healthforfuture.de\/index.php?rest_route=%2Fwp%2Fv2%2Fmedia&parent=698"}],"curies":[{"name":"wp","href":"https:\/\/api.w.org\/{rel}","templated":true}]}}