{"id":671,"date":"2020-11-11T16:42:39","date_gmt":"2020-11-11T15:42:39","guid":{"rendered":"https:\/\/freiburg.healthforfuture.de\/?page_id=671"},"modified":"2021-03-04T19:47:25","modified_gmt":"2021-03-04T18:47:25","slug":"maerkte-in-freiburg-karte","status":"publish","type":"page","link":"https:\/\/freiburg.healthforfuture.de\/?page_id=671","title":{"rendered":"M\u00e4rkte in Freiburg &#8211; Karte"},"content":{"rendered":"\n<iframe width=\"100%\" height=\"500px\" frameborder=\"0\" allowfullscreen=\"\" src=\"\/\/umap.openstreetmap.de\/de\/map\/markte-in-freiburg_6941?scaleControl=false&amp;miniMap=false&amp;scrollWheelZoom=true&amp;zoomControl=true&amp;allowEdit=false&amp;moreControl=true&amp;searchControl=null&amp;tilelayersControl=null&amp;embedControl=null&amp;datalayersControl=true&amp;onLoadPanel=undefined&amp;captionBar=false#12\/48.0105\/7.8384\"><\/iframe>\n\n\n\n<div class=\"wp-block-columns\">\n<div class=\"wp-block-column\">\n<div class=\"wp-block-image\"><figure class=\"aligncenter size-large is-resized\"><img loading=\"lazy\" src=\"https:\/\/freiburg.healthforfuture.de\/wp-content\/uploads\/2020\/11\/post1-1024x1024.jpg\" alt=\"\" class=\"wp-image-672\" width=\"345\" height=\"345\" srcset=\"https:\/\/freiburg.healthforfuture.de\/wp-content\/uploads\/2020\/11\/post1-1024x1024.jpg 1024w, https:\/\/freiburg.healthforfuture.de\/wp-content\/uploads\/2020\/11\/post1-300x300.jpg 300w, https:\/\/freiburg.healthforfuture.de\/wp-content\/uploads\/2020\/11\/post1-150x150.jpg 150w, https:\/\/freiburg.healthforfuture.de\/wp-content\/uploads\/2020\/11\/post1-768x768.jpg 768w, https:\/\/freiburg.healthforfuture.de\/wp-content\/uploads\/2020\/11\/post1-1536x1536.jpg 1536w, https:\/\/freiburg.healthforfuture.de\/wp-content\/uploads\/2020\/11\/post1-100x100.jpg 100w, https:\/\/freiburg.healthforfuture.de\/wp-content\/uploads\/2020\/11\/post1.jpg 2000w\" sizes=\"(max-width: 345px) 100vw, 345px\" \/><\/figure><\/div>\n<\/div>\n\n\n\n<div class=\"wp-block-column\">\n<p class=\"has-text-align-left\">Wer mehr mag, mag M\u00e4rkte! <br>Ganze 19 Wochenm\u00e4rkte gibt es in Freiburg. Hier werden regionale, saisonale Produkte direkt von ihren Erzeugern verkauft. <br>Kein Transport um die halbe Welt, so wenig Plastikverpackungen wie m\u00f6glich und dazu meist noch aus \u00f6kologischem Landbau. Lecker, frisch, gesund, nachhaltig und direkt vor der Haust\u00fcre\u2026 wer kann das schon von sich behaupten? Einfacher lassen sich gesunde Ern\u00e4hrung und klimabewusstes Verhalten nicht kombinieren. Auf unserer Karte seht ihr eine \u00dcbersicht aller M\u00e4rkte inklusive Zeiten. <\/p>\n<\/div>\n<\/div>\n","protected":false},"excerpt":{"rendered":"<p>Wer mehr mag, mag M\u00e4rkte! Ganze 19 Wochenm\u00e4rkte gibt es in Freiburg. Hier werden regionale, saisonale Produkte direkt von ihren Erzeugern verkauft. Kein Transport um die halbe Welt, so wenig Plastikverpackungen wie m\u00f6glich und dazu meist noch aus \u00f6kologischem Landbau. Lecker, frisch, gesund, nachhaltig und direkt vor der Haust\u00fcre\u2026 wer kann das schon von sich [&hellip;]<\/p>\n","protected":false},"author":1,"featured_media":0,"parent":0,"menu_order":0,"comment_status":"closed","ping_status":"closed","template":"action.php","meta":[],"_links":{"self":[{"href":"https:\/\/freiburg.healthforfuture.de\/index.php?rest_route=\/wp\/v2\/pages\/671"}],"collection":[{"href":"https:\/\/freiburg.healthforfuture.de\/index.php?rest_route=\/wp\/v2\/pages"}],"about":[{"href":"https:\/\/freiburg.healthforfuture.de\/index.php?rest_route=\/wp\/v2\/types\/page"}],"author":[{"embeddable":true,"href":"https:\/\/freiburg.healthforfuture.de\/index.php?rest_route=\/wp\/v2\/users\/1"}],"replies":[{"embeddable":true,"href":"https:\/\/freiburg.healthforfuture.de\/index.php?rest_route=%2Fwp%2Fv2%2Fcomments&post=671"}],"version-history":[{"count":4,"href":"https:\/\/freiburg.healthforfuture.de\/index.php?rest_route=\/wp\/v2\/pages\/671\/revisions"}],"predecessor-version":[{"id":763,"href":"https:\/\/freiburg.healthforfuture.de\/index.php?rest_route=\/wp\/v2\/pages\/671\/revisions\/763"}],"wp:attachment":[{"href":"https:\/\/freiburg.healthforfuture.de\/index.php?rest_route=%2Fwp%2Fv2%2Fmedia&parent=671"}],"curies":[{"name":"wp","href":"https:\/\/api.w.org\/{rel}","templated":true}]}}