{"id":522,"date":"2020-05-20T11:44:46","date_gmt":"2020-05-20T09:44:46","guid":{"rendered":"https:\/\/freiburg.healthforfuture.de\/?page_id=522"},"modified":"2021-03-04T19:47:13","modified_gmt":"2021-03-04T18:47:13","slug":"corona-weltweit","status":"publish","type":"page","link":"https:\/\/freiburg.healthforfuture.de\/?page_id=522","title":{"rendered":"Corona Weltweit"},"content":{"rendered":"\n<p>Durch den Klick auf die jeweilige Stadt wirst zu zum Video weitergeleitet. Es zeigt jeweils einen kurzen, sehr pers\u00f6nlichen Einblick in den durch die Covid-19-Pandemie beeinflussten Alltag einer Person in den verschiedenen L\u00e4ndern.<\/p>\n\n\n\n<div class=\"wp-block-interactive-geo-maps-display-map\"><div class=\"map_wrapper\" id=\"map_wrapper_521\">\n\t\t\t\t<div class=\"map_box\" style=\"max-width:2200px\">\n\t\t\t\t\t\n\t\t\t\t\t<div class=\"map_aspect_ratio\" style=\"padding-top:56%\">\n\t\t\t\t\t\t<div class=\"map_container\">\n\t\t\t\t\t\t\t<div class=\"map_render map_loading\" id=\"map_521\"><\/div>\n\t\t\t\t\t\t<\/div>\n\t\t\t\t\t<\/div>\n\t\t\t\t<\/div>\n\t\t\t<\/div><\/div>\n\n\n\n<div class=\"wp-block-media-text alignwide is-stacked-on-mobile\" style=\"grid-template-columns:45% auto\"><figure class=\"wp-block-media-text__media\"><img loading=\"lazy\" width=\"700\" height=\"700\" src=\"https:\/\/freiburg.healthforfuture.de\/wp-content\/uploads\/2020\/05\/corona_weltweit.jpg\" alt=\"\" class=\"wp-image-523 size-full\" srcset=\"https:\/\/freiburg.healthforfuture.de\/wp-content\/uploads\/2020\/05\/corona_weltweit.jpg 700w, https:\/\/freiburg.healthforfuture.de\/wp-content\/uploads\/2020\/05\/corona_weltweit-300x300.jpg 300w, https:\/\/freiburg.healthforfuture.de\/wp-content\/uploads\/2020\/05\/corona_weltweit-150x150.jpg 150w, https:\/\/freiburg.healthforfuture.de\/wp-content\/uploads\/2020\/05\/corona_weltweit-100x100.jpg 100w\" sizes=\"(max-width: 700px) 100vw, 700px\" \/><\/figure><div class=\"wp-block-media-text__content\">\n<p class=\"has-text-align-left has-small-font-size\">Die St\u00e4dte sind wie leer gefegt. Menschen begr\u00fc\u00dfen einander mit Winken und bleiben nur kurz mit sicherem Abstand stehen.<br>Bilder der Isolation, die wir aus den Nachrichten kennen und die sich genauso vor unserer eigenen Haust\u00fcr abspielen bzw. abgespielt haben.<br>Wir haben uns gefragt, wie es den Menschen hinter den T\u00fcren geht, denn Corona ist eine globale Krise, die jede*n von uns vor pers\u00f6nliche Herausforderungen stellt. Wie erleben sie die aktuelle Situation in ihrem Land?<br>Wir freuen uns, euch auf eine kleine virtuelle Weltreise zu Freund*innen und Bekannten einladen zu k\u00f6nnen!<\/p>\n<\/div><\/div>\n\n\n\n<p><\/p>\n","protected":false},"excerpt":{"rendered":"<p>Durch den Klick auf die jeweilige Stadt wirst zu zum Video weitergeleitet. Es zeigt jeweils einen kurzen, sehr pers\u00f6nlichen Einblick in den durch die Covid-19-Pandemie beeinflussten Alltag einer Person in den verschiedenen L\u00e4ndern. Die St\u00e4dte sind wie leer gefegt. Menschen begr\u00fc\u00dfen einander mit Winken und bleiben nur kurz mit sicherem Abstand stehen.Bilder der Isolation, die [&hellip;]<\/p>\n","protected":false},"author":1,"featured_media":0,"parent":0,"menu_order":0,"comment_status":"closed","ping_status":"closed","template":"action.php","meta":[],"_links":{"self":[{"href":"https:\/\/freiburg.healthforfuture.de\/index.php?rest_route=\/wp\/v2\/pages\/522"}],"collection":[{"href":"https:\/\/freiburg.healthforfuture.de\/index.php?rest_route=\/wp\/v2\/pages"}],"about":[{"href":"https:\/\/freiburg.healthforfuture.de\/index.php?rest_route=\/wp\/v2\/types\/page"}],"author":[{"embeddable":true,"href":"https:\/\/freiburg.healthforfuture.de\/index.php?rest_route=\/wp\/v2\/users\/1"}],"replies":[{"embeddable":true,"href":"https:\/\/freiburg.healthforfuture.de\/index.php?rest_route=%2Fwp%2Fv2%2Fcomments&post=522"}],"version-history":[{"count":6,"href":"https:\/\/freiburg.healthforfuture.de\/index.php?rest_route=\/wp\/v2\/pages\/522\/revisions"}],"predecessor-version":[{"id":762,"href":"https:\/\/freiburg.healthforfuture.de\/index.php?rest_route=\/wp\/v2\/pages\/522\/revisions\/762"}],"wp:attachment":[{"href":"https:\/\/freiburg.healthforfuture.de\/index.php?rest_route=%2Fwp%2Fv2%2Fmedia&parent=522"}],"curies":[{"name":"wp","href":"https:\/\/api.w.org\/{rel}","templated":true}]}}