{"id":221,"date":"2020-02-28T18:05:26","date_gmt":"2020-02-28T17:05:26","guid":{"rendered":"https:\/\/freiburg.healthforfuture.de\/?page_id=221"},"modified":"2021-03-04T20:08:05","modified_gmt":"2021-03-04T19:08:05","slug":"mitmachen","status":"publish","type":"page","link":"https:\/\/freiburg.healthforfuture.de\/?page_id=221","title":{"rendered":"Mitmachen"},"content":{"rendered":"\n<div class=\"wp-block-image\"><figure class=\"alignright size-large is-resized\"><img loading=\"lazy\" src=\"https:\/\/freiburg.healthforfuture.de\/wp-content\/uploads\/2020\/02\/WERWIRSIND-1-1024x1024.jpg\" alt=\"\" class=\"wp-image-222\" width=\"402\" height=\"402\" srcset=\"https:\/\/freiburg.healthforfuture.de\/wp-content\/uploads\/2020\/02\/WERWIRSIND-1-1024x1024.jpg 1024w, https:\/\/freiburg.healthforfuture.de\/wp-content\/uploads\/2020\/02\/WERWIRSIND-1-300x300.jpg 300w, https:\/\/freiburg.healthforfuture.de\/wp-content\/uploads\/2020\/02\/WERWIRSIND-1-150x150.jpg 150w, https:\/\/freiburg.healthforfuture.de\/wp-content\/uploads\/2020\/02\/WERWIRSIND-1-768x768.jpg 768w, https:\/\/freiburg.healthforfuture.de\/wp-content\/uploads\/2020\/02\/WERWIRSIND-1-1536x1536.jpg 1536w, https:\/\/freiburg.healthforfuture.de\/wp-content\/uploads\/2020\/02\/WERWIRSIND-1-100x100.jpg 100w, https:\/\/freiburg.healthforfuture.de\/wp-content\/uploads\/2020\/02\/WERWIRSIND-1.jpg 2048w\" sizes=\"(max-width: 402px) 100vw, 402px\" \/><\/figure><\/div>\n\n\n\n<p>Es gibt vielf\u00e4ltige M\u00f6glichkeiten sich f\u00fcr den Klimaschutz zu engagieren:<\/p>\n\n\n\n<ul><li>Mitglied bei&nbsp;<strong>Health for Future<\/strong>&nbsp;werden: Bei unseren Treffen ist jede*r willkommen!<\/li><li>Teilnahme an den&nbsp;<strong>Demonstrationen von Fridays for Future<\/strong> und <strong>Aktionen von Health for Future<\/strong><\/li><li>Teilen von Health for Future \u2013 Inhalten auf&nbsp;<strong>Social Media<\/strong><\/li><\/ul>\n\n\n\n<p>\u2026 und Vieles mehr! <\/p>\n\n\n\n<p>Spread the message &#8211; wir k\u00f6nnen unsere N\u00e4he zu den Menschen und unsere gesellschaftlich Position nutzen, um die Klimakrise und die gesundheitlichen Auswirkungen der Klimakrise in das Bewusstsein aller Menschen zu bringen: <strong>Einbeziehen von Hausarztpraxen<\/strong>, <strong>Lehre an der Uniklinik<\/strong>, <strong>Veranstaltungen in Krankenh\u00e4usern<\/strong>, im <strong>Gesundheitsamt<\/strong> etc..<\/p>\n\n\n\n<p>Eurer eigene Initiatve sind keine Grenzen gesetzt.<\/p>\n\n\n\n<p>Bei Interesse oder Fragen schreibe uns gerne eine <a rel=\"noreferrer noopener\" aria-label=\"Mail (\u00f6ffnet in neuem Tab)\" href=\"mailto:freiburg@healthforfuture.de\" target=\"_blank\">Mail<\/a>.<\/p>\n","protected":false},"excerpt":{"rendered":"<p>Es gibt vielf\u00e4ltige M\u00f6glichkeiten sich f\u00fcr den Klimaschutz zu engagieren: Mitglied bei&nbsp;Health for Future&nbsp;werden: Bei unseren Treffen ist jede*r willkommen! Teilnahme an den&nbsp;Demonstrationen von Fridays for Future und Aktionen von Health for Future Teilen von Health for Future \u2013 Inhalten auf&nbsp;Social Media \u2026 und Vieles mehr! Spread the message &#8211; wir k\u00f6nnen unsere N\u00e4he zu [&hellip;]<\/p>\n","protected":false},"author":1,"featured_media":0,"parent":0,"menu_order":0,"comment_status":"closed","ping_status":"closed","template":"mitmachen.php","meta":[],"_links":{"self":[{"href":"https:\/\/freiburg.healthforfuture.de\/index.php?rest_route=\/wp\/v2\/pages\/221"}],"collection":[{"href":"https:\/\/freiburg.healthforfuture.de\/index.php?rest_route=\/wp\/v2\/pages"}],"about":[{"href":"https:\/\/freiburg.healthforfuture.de\/index.php?rest_route=\/wp\/v2\/types\/page"}],"author":[{"embeddable":true,"href":"https:\/\/freiburg.healthforfuture.de\/index.php?rest_route=\/wp\/v2\/users\/1"}],"replies":[{"embeddable":true,"href":"https:\/\/freiburg.healthforfuture.de\/index.php?rest_route=%2Fwp%2Fv2%2Fcomments&post=221"}],"version-history":[{"count":9,"href":"https:\/\/freiburg.healthforfuture.de\/index.php?rest_route=\/wp\/v2\/pages\/221\/revisions"}],"predecessor-version":[{"id":774,"href":"https:\/\/freiburg.healthforfuture.de\/index.php?rest_route=\/wp\/v2\/pages\/221\/revisions\/774"}],"wp:attachment":[{"href":"https:\/\/freiburg.healthforfuture.de\/index.php?rest_route=%2Fwp%2Fv2%2Fmedia&parent=221"}],"curies":[{"name":"wp","href":"https:\/\/api.w.org\/{rel}","templated":true}]}}