{"id":216,"date":"2020-02-28T17:55:56","date_gmt":"2020-02-28T16:55:56","guid":{"rendered":"https:\/\/freiburg.healthforfuture.de\/?page_id=216"},"modified":"2020-02-28T17:55:57","modified_gmt":"2020-02-28T16:55:57","slug":"datenschutzbestimmungen","status":"publish","type":"page","link":"https:\/\/freiburg.healthforfuture.de\/?page_id=216","title":{"rendered":"Datenschutzbestimmungen"},"content":{"rendered":"\n<p>Herausgeber und verantwortlich f\u00fcr den Betrieb der Webseite\u00a0<a rel=\"noreferrer noopener\" aria-label=\" (\u00f6ffnet in neuem Tab)\" href=\"https:\/\/healthforfuture.de\/\" target=\"_blank\">https:\/\/healthforfuture.de<\/a>\u00a0ist KLUG \u2013 Deutsche Allianz f\u00fcr Klimawandel und Gesundheit e.V. (\u201ewir\u201c). Der Besuch unserer Websites ist grunds\u00e4tzlich ohne Angabe personenbezogener Daten m\u00f6glich. Mit der Nutzung der Site und der Eingabe personenbezogener Daten erkl\u00e4ren Sie sich mit der Datenerhebung und -nutzung im Einklang mit dieser Erkl\u00e4rung einverstanden. Diese Daten werden grunds\u00e4tzlich nicht an Dritte weitergegeben, eDas sei denn, dies ist zum erl\u00e4uterten Zweck zwingend erforderlich. In diesem Fall holen wir vorher Ihre Einwilligung zur Weitergabe ein.<\/p>\n\n\n\n<p><strong>1. Webserver und Logdateien<\/strong><\/p>\n\n\n\n<p>Ihr Browser \u00fcbertr\u00e4gt mit jedem Zugriff automatisch Informationen an unsere Website: Die Version Ihres Browser-Programms, Ihr verwendetes Betriebssystem, die IP-Adresse Ihres zugreifenden Ger\u00e4ts, Zeitpunkt der Anforderung, URL der angeforderten Datei oder Seite, ggf. die Seite, von der aus Sie \u00fcber einen Link zu uns gelangt sind (Referrer-URL) und das Ergebnis der Anforderung (HTTP-Statuscode). Diese Daten k\u00f6nnen in Server-Logfiles festgehalten werden, die zur \u00dcberpr\u00fcfung der ordnungsgem\u00e4\u00dfen Funktion des Webservers notwendig sind.<\/p>\n\n\n\n<p>Bei uns werden nur pseudonymisierte IP-Adressen von Besuchern der Website gespeichert. Auf Webserver-Ebene erfolgt dies dadurch, dass im Logfile standardm\u00e4\u00dfig statt der tats\u00e4chlichen IP-Adresse des Besuchers z.B. 123.123.123.123 eine IP-Adresse 123.123.123.XXX gespeichert wird, wobei XXX ein Zufallswert zwischen 1 und 254 ist. Die Herstellung eines Personenbezuges ist nicht mehr m\u00f6glich. Die Logdateien werden nach den gesetzlichen Fristen automatisch gel\u00f6scht.<\/p>\n\n\n\n<p>Der Webserver wird betrieben durch BIOHOST, Bahnhofstr. 52, 35390 Gie\u00dfen, Deutschland.\u00a0<a href=\"https:\/\/www.biohost.de\/datenschutz\/\" target=\"_blank\" rel=\"noreferrer noopener\" aria-label=\" (\u00f6ffnet in neuem Tab)\">Hier finden Sie die Datenschutzerkl\u00e4rung von BIOHOST<\/a>. Die Beauftragung erfolgt auf Grundlage unserer berechtigten Interessen gem. Art. 6 Abs. 1 lit. f DSGVO und eines Auftragsverarbeitungsvertrages gem. Art. 28 Abs. 3 S. 1 DSGVO.<\/p>\n\n\n\n<p><strong>2. Kontaktaufnahme und Online-Anmeldung<\/strong><\/p>\n\n\n\n<p>Bei der Kontaktaufnahme mit uns (z.B. per Kontaktformular, Online-Anmeldung, E-Mail, Telefon oder via sozialer Medien) werden die Angaben des Nutzers zur Bearbeitung der Kontaktanfrage und deren Abwicklung gem. Art. 6 Abs. 1 lit. b) DSGVO verarbeitet. Die Angaben der Nutzer k\u00f6nnen in einem Customer-Relationship-Management System (\u201eCRM System\u201c) oder vergleichbarer Anfragenorganisation gespeichert werden.<\/p>\n\n\n\n<p>Wir l\u00f6schen die Anfragen, sofern diese nicht mehr erforderlich sind. Wir \u00fcberpr\u00fcfen die Erforderlichkeit alle zwei Jahre; Ferner gelten die gesetzlichen Archivierungspflichten.<\/p>\n\n\n\n<p><strong>3. Abonnement von Newslettern<\/strong><\/p>\n\n\n\n<p>Wenn Sie unseren Newsletter \u00fcber unsere Website bestellen, gehen wir von Ihrem Einverst\u00e4ndnis aus, die angegebene&nbsp;E-Mail-Adresse zu speichern sowie den genauen Zeitpunkt&nbsp;und die&nbsp;IP-Adresse ihres Ger\u00e4ts als Beleg daf\u00fcr, dass Sie der Inhaber*in der E-Mail-Adresse und mit dem Empfang des Newsletters einverstanden sind. Weitere Daten werden \u00fcber das Bestellungsformular nicht erhoben. Wird der Newsletter auf anderem Weg bestellt, speichern wir zum Nachweis des Einverst\u00e4ndnis Ihren&nbsp;Namen und eine Notiz, wie die Bestellung zustande kam.&nbsp;Diese Daten verwenden wir ausschlie\u00dflich f\u00fcr den Versand der angeforderten Informationen.<\/p>\n\n\n\n<p>Der Versand des Newsletters erfolgt mittels der Mailinglisten-Software Mailman, die von uns selbst administriert und verwaltet wird und auf einem von uns angemieteten Webserver bei der Firma domainfactory&nbsp;GmbH, Oskar-Messter-Str. 33, 85737 Ismaning, Deutschland, installiert ist.&nbsp;<a href=\"https:\/\/www.df.eu\/de\/datenschutz\/\">Hier finden Sie die Datenschutzerkl\u00e4rung von Domainfactory<\/a>. Die Beauftragung erfolgt auf Grundlage unserer berechtigten Interessen gem. Art. 6 Abs. 1 lit. f DSGVO und eines Auftragsverarbeitungsvertrages gem. Art. 28 Abs. 3 S. 1 DSGVO.<\/p>\n\n\n\n<p><strong>4. Teilnahme an Online-Aktionen<\/strong><\/p>\n\n\n\n<p>Der Herausgeber erm\u00f6glicht Besuchern der Webseite die Teilnahme an verschiedenen Online-Aktionen, wie z.B. die Unterzeichnung von Aufrufen, Petitionen oder den Versand von Schreiben an politische Entscheidungstr\u00e4ger. Je nach Art der Aktion k\u00f6nnen dabei auch personenbezogene Daten des Teilnehmers verarbeitet werden. Dabei werden f\u00fcr die Aktion stets nur diejenigen Daten verarbeitet, die der Teilnehmer selbst eingibt. Daten, die f\u00fcr die Teilnahme an der Aktion erforderlich sind, sind jeweils besonders gekennzeichnet. Die Angabe weiterer Daten erfolgt freiwillig.<\/p>\n\n\n\n<p>Die eingegebenen Daten werden von dem Herausgeber dieser Webseite zum Zweck der Durchf\u00fchrung der Aktion, zur Information der Teilnehmer \u00fcber den Verlauf der Aktion sowie zum Nachweis der Teilnahme des Teilnehmers an der Aktion verarbeitet. Je nach Aktion werden die Daten des Teilnehmers auch an politische Entscheidungstr\u00e4ger und andere Adressaten der jeweiligen Aktion \u00fcbermittelt. Rechtsgrundlage der Datenverarbeitung ist Art. 6 Abs. 1 Buchstabe b) DS-GVO. Die Teilnahme an Aktionen ist freiwillig. Die Nichtangabe von Daten, die als erforderlich markiert sind, schlie\u00dft eine Teilnahme an der Aktion aus. Die Teilnahme an Aktionen wird f\u00fcr die Dauer der gesetzlichen Verj\u00e4hrungsfrist (drei Jahre nach Ende des Jahres, in dem die Teilnahme stattgefunden hat) gespeichert.<\/p>\n\n\n\n<p>Die Webseite verschickt zur Anmeldung bei Online-Aktionen automatisierte Best\u00e4tigungs-Emails an Teilnehmer der Aktionen. Der Versand dieser E-Mails erfolgt mittels des Versanddienstleisters Mailjet SAS,13-13 bis, rue de l\u2019Aubrac, 75012 Paris, France.\u00a0<a href=\"https:\/\/www.mailjet.de\/privacy-policy\/\" target=\"_blank\" rel=\"noreferrer noopener\" aria-label=\" (\u00f6ffnet in neuem Tab)\">Die Datenschutzbestimmungen des Versanddienstleisters k\u00f6nnen Sie hier einsehen<\/a>. Der Versanddienstleister wird auf Grundlage unserer berechtigten Interessen gem. Art. 6 Abs. 1 lit. f DSGVO und eines Auftragsverarbeitungsvertrages gem. Art. 28 Abs. 3 S. 1 DSGVO eingesetzt.<\/p>\n\n\n\n<p><strong>5. Recht auf Auskunft, Berichtigung und L\u00f6schung<\/strong><\/p>\n\n\n\n<p>Sie&nbsp;haben jederzeit das Recht&nbsp;auf unentgeltliche Auskunft \u00fcber Ihre bei uns gespeicherten personenbezogenen Daten, deren Herkunft und Empf\u00e4nger und den Zweck der Datenverarbeitung sowie ein Recht auf Berichtigung, Sperrung oder L\u00f6schung dieser Daten bzw. auf den Widerruf einer einmal erteilten&nbsp;Zustimmung zur Verarbeitung Ihrer personenbezogenen Daten. Hierzu sowie zu weiteren Fragen zum Thema personenbezogene Daten k\u00f6nnen Sie sich jederzeit an uns wenden:<\/p>\n\n\n\n<p><strong>Verantwortlich f\u00fcr alle Fragen und Ausk\u00fcnfte zu den Inhalten dieser Datenschutzerkl\u00e4rung:<\/strong><\/p>\n\n\n\n<p>KLUG \u2013 Deutsche Allianz Klimawandel und Gesundheit e.V.<br>Hainbuchenstr. 10a<br>13465 Berlin<br>Tel.: +49 1522 1971 906<br>E-Mail: kontakt[at]klimawandel-gesundheit.deSollten Sie mit unserem Umgang mit Ihren Daten nicht zufrieden sein, bitten wir Sie um eine Kontaktaufnahme. Sie haben aber auch das Recht auf eine Beschwerde bei der\u00a0<a href=\"https:\/\/www.datenschutz-berlin.de\/\" target=\"_blank\" rel=\"noreferrer noopener\" aria-label=\" (\u00f6ffnet in neuem Tab)\">zust\u00e4ndigen\u00a0Aufsichtsbeh\u00f6rde<\/a>.<\/p>\n","protected":false},"excerpt":{"rendered":"<p>Herausgeber und verantwortlich f\u00fcr den Betrieb der Webseite\u00a0https:\/\/healthforfuture.de\u00a0ist KLUG \u2013 Deutsche Allianz f\u00fcr Klimawandel und Gesundheit e.V. (\u201ewir\u201c). Der Besuch unserer Websites ist grunds\u00e4tzlich ohne Angabe personenbezogener Daten m\u00f6glich. Mit der Nutzung der Site und der Eingabe personenbezogener Daten erkl\u00e4ren Sie sich mit der Datenerhebung und -nutzung im Einklang mit dieser Erkl\u00e4rung einverstanden. Diese Daten [&hellip;]<\/p>\n","protected":false},"author":1,"featured_media":0,"parent":0,"menu_order":0,"comment_status":"closed","ping_status":"closed","template":"","meta":[],"_links":{"self":[{"href":"https:\/\/freiburg.healthforfuture.de\/index.php?rest_route=\/wp\/v2\/pages\/216"}],"collection":[{"href":"https:\/\/freiburg.healthforfuture.de\/index.php?rest_route=\/wp\/v2\/pages"}],"about":[{"href":"https:\/\/freiburg.healthforfuture.de\/index.php?rest_route=\/wp\/v2\/types\/page"}],"author":[{"embeddable":true,"href":"https:\/\/freiburg.healthforfuture.de\/index.php?rest_route=\/wp\/v2\/users\/1"}],"replies":[{"embeddable":true,"href":"https:\/\/freiburg.healthforfuture.de\/index.php?rest_route=%2Fwp%2Fv2%2Fcomments&post=216"}],"version-history":[{"count":1,"href":"https:\/\/freiburg.healthforfuture.de\/index.php?rest_route=\/wp\/v2\/pages\/216\/revisions"}],"predecessor-version":[{"id":217,"href":"https:\/\/freiburg.healthforfuture.de\/index.php?rest_route=\/wp\/v2\/pages\/216\/revisions\/217"}],"wp:attachment":[{"href":"https:\/\/freiburg.healthforfuture.de\/index.php?rest_route=%2Fwp%2Fv2%2Fmedia&parent=216"}],"curies":[{"name":"wp","href":"https:\/\/api.w.org\/{rel}","templated":true}]}}