{"id":214,"date":"2020-02-28T17:54:34","date_gmt":"2020-02-28T16:54:34","guid":{"rendered":"https:\/\/freiburg.healthforfuture.de\/?page_id=214"},"modified":"2020-02-28T17:54:35","modified_gmt":"2020-02-28T16:54:35","slug":"impressum","status":"publish","type":"page","link":"https:\/\/freiburg.healthforfuture.de\/?page_id=214","title":{"rendered":"Impressum"},"content":{"rendered":"\n<p><strong>Angaben gem\u00e4\u00df \u00a75 TMG:<\/strong><\/p>\n\n\n\n<p><strong>Herausgeber der Webseite www.healthforfuture.de:<\/strong><\/p>\n\n\n\n<p>KLUG \u2013 Deutsche Allianz Klimawandel und Gesundheit e.V.<br>Hainbuchenstr. 10a<br>13465 Berlin<\/p>\n\n\n\n<p>Tel.: +49 1522 1971 906<\/p>\n\n\n\n<p>E-Mail: kontakt@klimawandel-gesundheit.de<\/p>\n\n\n\n<p>Inhaltlich verantwortlich ist KLUG \u2013 Deutsche Allianz Klimawandel und Gesundheit e.V., sofern die Beitr\u00e4ge nicht namentlich gekennzeichnet sind. F\u00fcr redaktionelle Beitr\u00e4ge, die namentlich gekennzeichnet sind, liegt die Verantwortung im Sinne des Presserechts bei dem Autor oder bei der Autorin.<\/p>\n\n\n\n<p><strong>Haftungsausschluss<\/strong><\/p>\n\n\n\n<p><em>Haftung f\u00fcr Inhalte<\/em><\/p>\n\n\n\n<p>Als Diensteanbieter sind wir gem\u00e4\u00df \u00a7 7 Abs.1 TMG f\u00fcr eigene Inhalte auf diesen Seiten nach den allgemeinen Gesetzen verantwortlich. Nach \u00a7\u00a7 8 bis 10 TMG sind wir als Diensteanbieter jedoch nicht verpflichtet, \u00fcbermittelte oder gespeicherte fremde Informationen zu \u00fcberwachen oder nach Umst\u00e4nden zu forschen, die auf eine rechtswidrige T\u00e4tigkeit hinweisen.<\/p>\n\n\n\n<p>Verpflichtungen zur Entfernung oder Sperrung der Nutzung von Informationen nach den allgemeinen Gesetzen bleiben hiervon unber\u00fchrt. Eine diesbez\u00fcgliche Haftung ist jedoch erst ab dem Zeitpunkt der Kenntnis einer konkreten Rechtsverletzung m\u00f6glich. Bei Bekanntwerden von entsprechenden Rechtsverletzungen werden wir diese Inhalte umgehend entfernen.<\/p>\n\n\n\n<p><em>Haftung f\u00fcr Links<\/em><\/p>\n\n\n\n<p>Unser Angebot enth\u00e4lt Links zu externen Websites Dritter, auf deren Inhalte wir keinen Einfluss haben. Deshalb k\u00f6nnen wir f\u00fcr diese fremden Inhalte auch keine Gew\u00e4hr \u00fcbernehmen. F\u00fcr die Inhalte der verlinkten Seiten ist stets der jeweilige Anbieter oder Betreiber der Seiten verantwortlich. Die verlinkten Seiten wurden zum Zeitpunkt der Verlinkung auf m\u00f6gliche Rechtsverst\u00f6\u00dfe \u00fcberpr\u00fcft. Rechtswidrige Inhalte waren zum Zeitpunkt der Verlinkung nicht erkennbar.<\/p>\n\n\n\n<p>Eine permanente inhaltliche Kontrolle der verlinkten Seiten ist jedoch ohne konkrete Anhaltspunkte einer Rechtsverletzung nicht zumutbar. Bei Bekanntwerden von Rechtsverletzungen werden wir derartige Links umgehend entfernen.<\/p>\n\n\n\n<p><em>Urheberrecht<\/em><\/p>\n\n\n\n<p>Die durch die Seitenbetreiber erstellten Inhalte und Werke auf diesen Seiten unterliegen dem deutschen Urheberrecht. Die Vervielf\u00e4ltigung, Bearbeitung, Verbreitung und jede Art der Verwertung au\u00dferhalb der Grenzen des Urheberrechtes bed\u00fcrfen der schriftlichen Zustimmung des jeweiligen Autors bzw. Erstellers. Downloads und Kopien dieser Seite sind nur f\u00fcr den privaten, nicht kommerziellen Gebrauch gestattet.<\/p>\n\n\n\n<p><em>Rechtswirksamkeit dieses Haftungsausschlusses<\/em><\/p>\n\n\n\n<p>Dieser Haftungsausschluss ist als Teil des Internetangebotes zu betrachten, von dem aus auf diese Seite verwiesen wurde. Sofern Teile oder einzelne Formulierungen dieses Textes der geltenden Rechtslage nicht, nicht mehr oder nicht vollst\u00e4ndig entsprechen sollten, bleiben die \u00fcbrigen Teile des Dokumentes in ihrem Inhalt und ihrer G\u00fcltigkeit davon unber\u00fchrt.<\/p>\n","protected":false},"excerpt":{"rendered":"<p>Angaben gem\u00e4\u00df \u00a75 TMG: Herausgeber der Webseite www.healthforfuture.de: KLUG \u2013 Deutsche Allianz Klimawandel und Gesundheit e.V.Hainbuchenstr. 10a13465 Berlin Tel.: +49 1522 1971 906 E-Mail: kontakt@klimawandel-gesundheit.de Inhaltlich verantwortlich ist KLUG \u2013 Deutsche Allianz Klimawandel und Gesundheit e.V., sofern die Beitr\u00e4ge nicht namentlich gekennzeichnet sind. F\u00fcr redaktionelle Beitr\u00e4ge, die namentlich gekennzeichnet sind, liegt die Verantwortung im Sinne [&hellip;]<\/p>\n","protected":false},"author":1,"featured_media":0,"parent":0,"menu_order":0,"comment_status":"closed","ping_status":"closed","template":"","meta":[],"_links":{"self":[{"href":"https:\/\/freiburg.healthforfuture.de\/index.php?rest_route=\/wp\/v2\/pages\/214"}],"collection":[{"href":"https:\/\/freiburg.healthforfuture.de\/index.php?rest_route=\/wp\/v2\/pages"}],"about":[{"href":"https:\/\/freiburg.healthforfuture.de\/index.php?rest_route=\/wp\/v2\/types\/page"}],"author":[{"embeddable":true,"href":"https:\/\/freiburg.healthforfuture.de\/index.php?rest_route=\/wp\/v2\/users\/1"}],"replies":[{"embeddable":true,"href":"https:\/\/freiburg.healthforfuture.de\/index.php?rest_route=%2Fwp%2Fv2%2Fcomments&post=214"}],"version-history":[{"count":1,"href":"https:\/\/freiburg.healthforfuture.de\/index.php?rest_route=\/wp\/v2\/pages\/214\/revisions"}],"predecessor-version":[{"id":215,"href":"https:\/\/freiburg.healthforfuture.de\/index.php?rest_route=\/wp\/v2\/pages\/214\/revisions\/215"}],"wp:attachment":[{"href":"https:\/\/freiburg.healthforfuture.de\/index.php?rest_route=%2Fwp%2Fv2%2Fmedia&parent=214"}],"curies":[{"name":"wp","href":"https:\/\/api.w.org\/{rel}","templated":true}]}}